{"id":31,"date":"2024-12-18T13:25:46","date_gmt":"2024-12-18T13:25:46","guid":{"rendered":"https:\/\/soundsofthemetaverse.pl\/?page_id=31"},"modified":"2024-12-18T14:36:31","modified_gmt":"2024-12-18T14:36:31","slug":"schedule","status":"publish","type":"page","link":"https:\/\/soundsofthemetaverse.pl\/index.php\/edition-2025\/schedule\/","title":{"rendered":"Schedule"},"content":{"rendered":"\n<p><strong>DAY 1 (23.11.2024), Karol Szymanowski Auditorium<\/strong><\/p>\n\n\n\n<p>12:30 Opening remarks, dr Przemek DANOWSKI, Chopin University of Music<\/p>\n\n\n\n<p>12:50 Keynote: \u201cHearing diversity in the metaverse\u201d | prof. Stefania SERAFIN, Aalborg University<\/p>\n\n\n\n<p>13:35 \u201cImmersive Environments for Network Music Performances in Mixed Reality\u201d | dr Marta Gospodarek, Chopin University of Music&nbsp;&nbsp;<\/p>\n\n\n\n<p>14:10 \u201cNew Textures of sound - virtual experiments with radioart\u201d, dr Antoni MICHNIK, Glissando<\/p>\n\n\n\n<p>14:30 BREAK<\/p>\n\n\n\n<p>16:00 Avatar Orchestra Metaverse, immersive installation \u201cEntanglements in Cyberspace\u201d<\/p>\n\n\n\n<p>performed by:<\/p>\n\n\n\n<p>Bj\u00f6rn Eriksson (Sweden)<\/p>\n\n\n\n<p>Johannes Riedmann (Germany)<\/p>\n\n\n\n<p>Chris Wittkowsky (Germany)<\/p>\n\n\n\n<p>Max D. Well (Germany)<\/p>\n\n\n\n<p>Harald Muenz (Germany)&nbsp;<\/p>\n\n\n\n<p>Biagio Francia (Italy)&nbsp;<\/p>\n\n\n\n<p>Frieda Kuterna (Belgium)&nbsp;<\/p>\n\n\n\n<p>Norman Lowrey (USA)<\/p>\n\n\n\n<p>Brenda Hutchinson (USA)<\/p>\n\n\n\n<p>Dani Williamson (USA, Israel)<\/p>\n\n\n\n<p>Tina Pearson (Canada)<\/p>\n\n\n\n<p>16:45 Post installation Q&amp;A<\/p>\n\n\n\n<p>17:00 BREAK<\/p>\n\n\n\n<p>17:20 Keynote: \u201cEntanglements in Cyberspace\u201d, Avatar Orchestra Metaverse<\/p>\n\n\n\n<p>18:20 END DAY 1<\/p>\n\n\n\n<p><strong>DAY 2 (24.11.2024), Karol Szymanowski Auditorium<\/strong><\/p>\n\n\n\n<p>10:00 Opening remarks | dr Przemek DANOWSKI, Chopin University of Music<\/p>\n\n\n\n<p>10:15 Embodied soundscape - creative writing with sounds for spoken word poetry and performative XR | dr Weronika LEWANDOWSKA, Institute for Social Studies, University of Warsaw<\/p>\n\n\n\n<p>11:00 \u201cXR Sound Design Strategies. Towards Heart-Brain Coherence.\u201d | mgr Pola BORKIEWICZ, Institute of Culture, Faculty of Management and Social Communication, Jagiellonian University &amp; Institute of Psychology, Polish Academy of Sciences<\/p>\n\n\n\n<p>12:00 BREAK<\/p>\n\n\n\n<p>12:30 8th Student 3D Audio Production Competition&nbsp; PRESENTATION<\/p>\n\n\n\n<p>13:30 \u201cIssues of immersive recording production\u201d | dr in\u017c. Bart\u0142omiej MR\u00d3Z, Gdansk University of Technology<\/p>\n\n\n\n<p>14:05 END DAY 2 \/ CONFERENCE<\/p>\n","protected":false},"excerpt":{"rendered":"<p>DAY 1 (23.11.2024), Karol Szymanowski Auditorium 12:30 Opening remarks, dr Przemek DANOWSKI, Chopin University of Music 12:50 Keynote: \u201cHearing diversity in the metaverse\u201d | prof. Stefania SERAFIN, Aalborg University 13:35 \u201cImmersive Environments for Network Music Performances in Mixed Reality\u201d | dr Marta Gospodarek, Chopin University of Music&nbsp;&nbsp; 14:10 \u201cNew Textures of sound - virtual experiments [&hellip;]<\/p>\n","protected":false},"author":1,"featured_media":0,"parent":18,"menu_order":4,"comment_status":"closed","ping_status":"closed","template":"","meta":{"_acf_changed":false,"footnotes":""},"class_list":["post-31","page","type-page","status-publish","hentry"],"acf":[],"_links":{"self":[{"href":"https:\/\/soundsofthemetaverse.pl\/index.php\/wp-json\/wp\/v2\/pages\/31","targetHints":{"allow":["GET"]}}],"collection":[{"href":"https:\/\/soundsofthemetaverse.pl\/index.php\/wp-json\/wp\/v2\/pages"}],"about":[{"href":"https:\/\/soundsofthemetaverse.pl\/index.php\/wp-json\/wp\/v2\/types\/page"}],"author":[{"embeddable":true,"href":"https:\/\/soundsofthemetaverse.pl\/index.php\/wp-json\/wp\/v2\/users\/1"}],"replies":[{"embeddable":true,"href":"https:\/\/soundsofthemetaverse.pl\/index.php\/wp-json\/wp\/v2\/comments?post=31"}],"version-history":[{"count":2,"href":"https:\/\/soundsofthemetaverse.pl\/index.php\/wp-json\/wp\/v2\/pages\/31\/revisions"}],"predecessor-version":[{"id":41,"href":"https:\/\/soundsofthemetaverse.pl\/index.php\/wp-json\/wp\/v2\/pages\/31\/revisions\/41"}],"up":[{"embeddable":true,"href":"https:\/\/soundsofthemetaverse.pl\/index.php\/wp-json\/wp\/v2\/pages\/18"}],"wp:attachment":[{"href":"https:\/\/soundsofthemetaverse.pl\/index.php\/wp-json\/wp\/v2\/media?parent=31"}],"curies":[{"name":"wp","href":"https:\/\/api.w.org\/{rel}","templated":true}]}}